{"id":12904,"date":"2021-07-28T11:08:20","date_gmt":"2021-07-28T11:08:20","guid":{"rendered":"https:\/\/vellomonfortarquitectes.com\/architectural-spaces-javea\/"},"modified":"2024-05-13T11:59:31","modified_gmt":"2024-05-13T11:59:31","slug":"architectural-spaces-javea","status":"publish","type":"page","link":"https:\/\/vellomonfortarquitectes.com\/en\/architectural-spaces-javea\/","title":{"rendered":"Architectural Spaces J\u00e1vea"},"content":{"rendered":"<p>[et_pb_section fb_built=&#8221;1&#8243; admin_label=&#8221;section&#8221; _builder_version=&#8221;3.22&#8243;][et_pb_row admin_label=&#8221;row&#8221; _builder_version=&#8221;3.25&#8243; background_size=&#8221;initial&#8221; background_position=&#8221;top_left&#8221; background_repeat=&#8221;repeat&#8221;][et_pb_column type=&#8221;4_4&#8243; _builder_version=&#8221;3.25&#8243; custom_padding=&#8221;|||&#8221; custom_padding__hover=&#8221;|||&#8221;][et_pb_image src=&#8221;https:\/\/vellomonfortarquitectes.com\/wp-content\/uploads\/2021\/07\/arquitectura-javea.jpg&#8221; alt=&#8221;Architecture J\u00e1vea&#8221; title_text=&#8221;Architecture J\u00e1vea&#8221; align=&#8221;center&#8221; _builder_version=&#8221;4.8.1&#8243; _module_preset=&#8221;default&#8221;][\/et_pb_image][\/et_pb_column][\/et_pb_row][et_pb_row _builder_version=&#8221;4.8.1&#8243; _module_preset=&#8221;default&#8221;][et_pb_column type=&#8221;4_4&#8243; _builder_version=&#8221;4.8.1&#8243; _module_preset=&#8221;default&#8221;][et_pb_text _builder_version=&#8221;4.8.1&#8243; _module_preset=&#8221;default&#8221;]<\/p>\n<h1 style=\"text-align: center;\">Architectural spaces in J\u00e1vea<\/h1>\n<p>&nbsp;<\/p>\n<p>J\u00e1vea is a town located on the Costa Blanca in Alicante that has had different influences from various civilisations, which is why we can observe the work of <a href=\"https:\/\/vellomonfortarquitectes.com\/arquitectos-javea\/\">architects in J\u00e1vea<\/a> during all the years of its history as we walk through its streets. The architectural richness that this has left implicit in many of the corners of this Villa. For this reason we would like to tell you a few things about the most outstanding architectural spaces in J\u00e1vea, which you will find below.<\/p>\n<p>&nbsp;<\/p>\n<h2><strong>J\u00e1vea Market<\/strong><\/h2>\n<p>&nbsp;<\/p>\n<p>The Mercat Municipal de J\u00e1vea, which has been open to the public for 75 years, is architecturally rich. It is a building in the Levantine Gothic style that was built shortly after the end of the Civil War in 1943 on the site of a former 17th century convent. The structure itself has changed a lot from its construction to the present day. Many of the stalls and traders of the municipality are no longer to be found today, but also in the beginning the roof of this municipal market of J\u00e1vea was made of reed, nowadays the roof is made of tosca arches, a typical stone of the cape of San Antonio. The former concrete floor is not in the same condition either, it has been upgraded and upgraded.<\/p>\n<p>&nbsp;<\/p>\n<h2><strong>San Bartolom\u00e9 Church in J\u00e1vea<\/strong><\/h2>\n<p>&nbsp;<\/p>\n<p>The location of the Church of San Bartolom\u00e9 is right in the historic centre of J\u00e1vea\/X\u00e1bia, in the church square itself. Throughout the history of this historic monument, the present church has also served as a fortress. This church of San Bartolom\u00e9 in J\u00e1vea is undoubtedly the main building in the historic centre of the town.<\/p>\n<p>Architecturally, the building is in the Elizabethan Gothic style, with a magnificent Gothic nave with three chapels on each side. These chapels on each side are framed by buttresses. This National Historic-Artistic Monument since 1931 and considered an Asset of Cultural Interest (BIC) has 2 entrances.<\/p>\n<p>The main entrance is in medieval style with a pointed arch, gable and pinnacles, and is dedicated to Saint Bartholomew. Then we find the side door dedicated to San Gil.<\/p>\n<p>&nbsp;<\/p>\n<h2><strong>Historic centre of J\u00e1vea<\/strong><\/h2>\n<p>&nbsp;<\/p>\n<p>The historic quarter of J\u00e1vea is made up of different streets and emblematic and historic places of this town in Alicante. Starting from the church square and observing the aforementioned church of San Bartolom\u00e9, you can walk along the defensive walls.<\/p>\n<p>The current historic centre of J\u00e1vea originated when the inhabitants who lived closer to the coast decided to leave their houses and move 2km inland to avoid the constant attacks by pirates and corsairs. Once they were settled in their new location, they built the walls, which were their greatest protection.<\/p>\n<p>[\/et_pb_text][\/et_pb_column][\/et_pb_row][\/et_pb_section]<\/p>\n","protected":false},"excerpt":{"rendered":"<p>Architectural spaces in J\u00e1vea &nbsp; J\u00e1vea is a town located on the Costa Blanca in Alicante that has had different influences from various civilisations, which is why we can observe the work of architects in J\u00e1vea during all the years of its history as we walk through its streets. The architectural richness that this has [&hellip;]<\/p>\n","protected":false},"author":5,"featured_media":0,"parent":0,"menu_order":0,"comment_status":"closed","ping_status":"closed","template":"","meta":{"_et_pb_use_builder":"on","_et_pb_old_content":"","_et_gb_content_width":"","footnotes":""},"class_list":["post-12904","page","type-page","status-publish","hentry"],"yoast_head":"<!-- This site is optimized with the Yoast SEO plugin v27.5 - https:\/\/yoast.com\/product\/yoast-seo-wordpress\/ -->\n<title>Architectural Spaces J\u00e1vea &#8226; Vello Arquitectura<\/title>\n<meta name=\"description\" content=\"Discover the architectural spaces that J\u00e1vea has to offer. J\u00e1vea Municipal Market, St. Bartholomew&#039;s Church and J\u00e1vea&#039;s Old Town.\" \/>\n<meta name=\"robots\" content=\"index, follow, max-snippet:-1, max-image-preview:large, max-video-preview:-1\" \/>\n<link rel=\"canonical\" href=\"https:\/\/vellomonfortarquitectes.com\/en\/architectural-spaces-javea\/\" \/>\n<meta property=\"og:locale\" content=\"en_US\" \/>\n<meta property=\"og:type\" content=\"article\" \/>\n<meta property=\"og:title\" content=\"Architectural Spaces J\u00e1vea &#8226; Vello Arquitectura\" \/>\n<meta property=\"og:description\" content=\"Discover the architectural spaces that J\u00e1vea has to offer. J\u00e1vea Municipal Market, St. Bartholomew&#039;s Church and J\u00e1vea&#039;s Old Town.\" \/>\n<meta property=\"og:url\" content=\"https:\/\/vellomonfortarquitectes.com\/en\/architectural-spaces-javea\/\" \/>\n<meta property=\"og:site_name\" content=\"Vello Arquitectura\" \/>\n<meta property=\"article:modified_time\" content=\"2024-05-13T11:59:31+00:00\" \/>\n<meta name=\"twitter:card\" content=\"summary_large_image\" \/>\n<meta name=\"twitter:label1\" content=\"Est. reading time\" \/>\n\t<meta name=\"twitter:data1\" content=\"3 minutes\" \/>\n<script type=\"application\/ld+json\" class=\"yoast-schema-graph\">{\"@context\":\"https:\\\/\\\/schema.org\",\"@graph\":[{\"@type\":\"WebPage\",\"@id\":\"https:\\\/\\\/vellomonfortarquitectes.com\\\/en\\\/architectural-spaces-javea\\\/\",\"url\":\"https:\\\/\\\/vellomonfortarquitectes.com\\\/en\\\/architectural-spaces-javea\\\/\",\"name\":\"Architectural Spaces J\u00e1vea &#8226; Vello Arquitectura\",\"isPartOf\":{\"@id\":\"https:\\\/\\\/vellomonfortarquitectes.com\\\/en\\\/#website\"},\"datePublished\":\"2021-07-28T11:08:20+00:00\",\"dateModified\":\"2024-05-13T11:59:31+00:00\",\"description\":\"Discover the architectural spaces that J\u00e1vea has to offer. J\u00e1vea Municipal Market, St. Bartholomew's Church and J\u00e1vea's Old Town.\",\"breadcrumb\":{\"@id\":\"https:\\\/\\\/vellomonfortarquitectes.com\\\/en\\\/architectural-spaces-javea\\\/#breadcrumb\"},\"inLanguage\":\"en-US\",\"potentialAction\":[{\"@type\":\"ReadAction\",\"target\":[\"https:\\\/\\\/vellomonfortarquitectes.com\\\/en\\\/architectural-spaces-javea\\\/\"]}]},{\"@type\":\"BreadcrumbList\",\"@id\":\"https:\\\/\\\/vellomonfortarquitectes.com\\\/en\\\/architectural-spaces-javea\\\/#breadcrumb\",\"itemListElement\":[{\"@type\":\"ListItem\",\"position\":1,\"name\":\"Portada\",\"item\":\"https:\\\/\\\/vellomonfortarquitectes.com\\\/en\\\/\"},{\"@type\":\"ListItem\",\"position\":2,\"name\":\"Architectural Spaces J\u00e1vea\"}]},{\"@type\":\"WebSite\",\"@id\":\"https:\\\/\\\/vellomonfortarquitectes.com\\\/en\\\/#website\",\"url\":\"https:\\\/\\\/vellomonfortarquitectes.com\\\/en\\\/\",\"name\":\"Vello Arquitectura\",\"description\":\"\",\"potentialAction\":[{\"@type\":\"SearchAction\",\"target\":{\"@type\":\"EntryPoint\",\"urlTemplate\":\"https:\\\/\\\/vellomonfortarquitectes.com\\\/en\\\/?s={search_term_string}\"},\"query-input\":{\"@type\":\"PropertyValueSpecification\",\"valueRequired\":true,\"valueName\":\"search_term_string\"}}],\"inLanguage\":\"en-US\"}]}<\/script>\n<!-- \/ Yoast SEO plugin. -->","yoast_head_json":{"title":"Architectural Spaces J\u00e1vea &#8226; Vello Arquitectura","description":"Discover the architectural spaces that J\u00e1vea has to offer. J\u00e1vea Municipal Market, St. Bartholomew's Church and J\u00e1vea's Old Town.","robots":{"index":"index","follow":"follow","max-snippet":"max-snippet:-1","max-image-preview":"max-image-preview:large","max-video-preview":"max-video-preview:-1"},"canonical":"https:\/\/vellomonfortarquitectes.com\/en\/architectural-spaces-javea\/","og_locale":"en_US","og_type":"article","og_title":"Architectural Spaces J\u00e1vea &#8226; Vello Arquitectura","og_description":"Discover the architectural spaces that J\u00e1vea has to offer. J\u00e1vea Municipal Market, St. Bartholomew's Church and J\u00e1vea's Old Town.","og_url":"https:\/\/vellomonfortarquitectes.com\/en\/architectural-spaces-javea\/","og_site_name":"Vello Arquitectura","article_modified_time":"2024-05-13T11:59:31+00:00","twitter_card":"summary_large_image","twitter_misc":{"Est. reading time":"3 minutes"},"schema":{"@context":"https:\/\/schema.org","@graph":[{"@type":"WebPage","@id":"https:\/\/vellomonfortarquitectes.com\/en\/architectural-spaces-javea\/","url":"https:\/\/vellomonfortarquitectes.com\/en\/architectural-spaces-javea\/","name":"Architectural Spaces J\u00e1vea &#8226; Vello Arquitectura","isPartOf":{"@id":"https:\/\/vellomonfortarquitectes.com\/en\/#website"},"datePublished":"2021-07-28T11:08:20+00:00","dateModified":"2024-05-13T11:59:31+00:00","description":"Discover the architectural spaces that J\u00e1vea has to offer. J\u00e1vea Municipal Market, St. Bartholomew's Church and J\u00e1vea's Old Town.","breadcrumb":{"@id":"https:\/\/vellomonfortarquitectes.com\/en\/architectural-spaces-javea\/#breadcrumb"},"inLanguage":"en-US","potentialAction":[{"@type":"ReadAction","target":["https:\/\/vellomonfortarquitectes.com\/en\/architectural-spaces-javea\/"]}]},{"@type":"BreadcrumbList","@id":"https:\/\/vellomonfortarquitectes.com\/en\/architectural-spaces-javea\/#breadcrumb","itemListElement":[{"@type":"ListItem","position":1,"name":"Portada","item":"https:\/\/vellomonfortarquitectes.com\/en\/"},{"@type":"ListItem","position":2,"name":"Architectural Spaces J\u00e1vea"}]},{"@type":"WebSite","@id":"https:\/\/vellomonfortarquitectes.com\/en\/#website","url":"https:\/\/vellomonfortarquitectes.com\/en\/","name":"Vello Arquitectura","description":"","potentialAction":[{"@type":"SearchAction","target":{"@type":"EntryPoint","urlTemplate":"https:\/\/vellomonfortarquitectes.com\/en\/?s={search_term_string}"},"query-input":{"@type":"PropertyValueSpecification","valueRequired":true,"valueName":"search_term_string"}}],"inLanguage":"en-US"}]}},"_links":{"self":[{"href":"https:\/\/vellomonfortarquitectes.com\/en\/wp-json\/wp\/v2\/pages\/12904","targetHints":{"allow":["GET"]}}],"collection":[{"href":"https:\/\/vellomonfortarquitectes.com\/en\/wp-json\/wp\/v2\/pages"}],"about":[{"href":"https:\/\/vellomonfortarquitectes.com\/en\/wp-json\/wp\/v2\/types\/page"}],"author":[{"embeddable":true,"href":"https:\/\/vellomonfortarquitectes.com\/en\/wp-json\/wp\/v2\/users\/5"}],"replies":[{"embeddable":true,"href":"https:\/\/vellomonfortarquitectes.com\/en\/wp-json\/wp\/v2\/comments?post=12904"}],"version-history":[{"count":2,"href":"https:\/\/vellomonfortarquitectes.com\/en\/wp-json\/wp\/v2\/pages\/12904\/revisions"}],"predecessor-version":[{"id":12906,"href":"https:\/\/vellomonfortarquitectes.com\/en\/wp-json\/wp\/v2\/pages\/12904\/revisions\/12906"}],"wp:attachment":[{"href":"https:\/\/vellomonfortarquitectes.com\/en\/wp-json\/wp\/v2\/media?parent=12904"}],"curies":[{"name":"wp","href":"https:\/\/api.w.org\/{rel}","templated":true}]}}