{"id":13037,"date":"2020-11-24T07:25:09","date_gmt":"2020-11-24T07:25:09","guid":{"rendered":"https:\/\/vellomonfortarquitectes.com\/reform-projects\/facade-refurbishment\/"},"modified":"2024-11-25T08:38:51","modified_gmt":"2024-11-25T08:38:51","slug":"facade-refurbishment","status":"publish","type":"page","link":"https:\/\/vellomonfortarquitectes.com\/en\/reform-projects\/facade-refurbishment\/","title":{"rendered":"Fa\u00e7ade refurbishment"},"content":{"rendered":"<p>[et_pb_section fb_built=&#8221;1&#8243; disabled_on=&#8221;on|on|on&#8221; _builder_version=&#8221;4.16&#8243; _module_preset=&#8221;default&#8221; custom_padding=&#8221;0px||0px||true|false&#8221; disabled=&#8221;on&#8221; global_colors_info=&#8221;{}&#8221;][et_pb_row column_structure=&#8221;1_5,1_5,1_5,1_5,1_5&#8243; _builder_version=&#8221;4.16&#8243; _module_preset=&#8221;default&#8221; global_colors_info=&#8221;{}&#8221;][et_pb_column type=&#8221;1_5&#8243; _builder_version=&#8221;4.16&#8243; _module_preset=&#8221;default&#8221; global_colors_info=&#8221;{}&#8221;][et_pb_text _builder_version=&#8221;4.16&#8243; _module_preset=&#8221;default&#8221; text_font=&#8221;||||||||&#8221; text_font_size=&#8221;19px&#8221; link_option_url=&#8221;https:\/\/vellomonfortarquitectes.com\/en\/new-construction-projects\/&#8221; global_colors_info=&#8221;{}&#8221;]New construction<br \/>\n[\/et_pb_text][\/et_pb_column][et_pb_column type=&#8221;1_5&#8243; _builder_version=&#8221;4.16&#8243; _module_preset=&#8221;default&#8221; global_colors_info=&#8221;{}&#8221;][et_pb_text _builder_version=&#8221;4.16&#8243; _module_preset=&#8221;default&#8221; text_font=&#8221;||||||||&#8221; text_font_size=&#8221;19px&#8221; link_option_url=&#8221;https:\/\/vellomonfortarquitectes.com\/en\/reform-projects\/&#8221; global_colors_info=&#8221;{}&#8221;]<strong>Reforms<\/strong><br \/>\n[\/et_pb_text][\/et_pb_column][et_pb_column type=&#8221;1_5&#8243; _builder_version=&#8221;4.16&#8243; _module_preset=&#8221;default&#8221; global_colors_info=&#8221;{}&#8221;][et_pb_text _builder_version=&#8221;4.16&#8243; _module_preset=&#8221;default&#8221; text_font=&#8221;||||||||&#8221; text_font_size=&#8221;19px&#8221; link_option_url=&#8221;https:\/\/vellomonfortarquitectes.com\/en\/interior-design\/&#8221; global_colors_info=&#8221;{}&#8221;]Interior design<br \/>\n[\/et_pb_text][\/et_pb_column][et_pb_column type=&#8221;1_5&#8243; _builder_version=&#8221;4.16&#8243; _module_preset=&#8221;default&#8221; global_colors_info=&#8221;{}&#8221;][et_pb_text _builder_version=&#8221;4.16&#8243; _module_preset=&#8221;default&#8221; text_font=&#8221;||||||||&#8221; text_font_size=&#8221;19px&#8221; link_option_url=&#8221;https:\/\/vellomonfortarquitectes.com\/en\/projects\/urbanisation-projects\/&#8221; global_colors_info=&#8221;{}&#8221;]Urbanisation Projects<br \/>\n[\/et_pb_text][\/et_pb_column][et_pb_column type=&#8221;1_5&#8243; _builder_version=&#8221;4.16&#8243; _module_preset=&#8221;default&#8221; global_colors_info=&#8221;{}&#8221;][et_pb_search _builder_version=&#8221;4.16&#8243; _module_preset=&#8221;default&#8221; global_colors_info=&#8221;{}&#8221;][\/et_pb_search][\/et_pb_column][\/et_pb_row][\/et_pb_section][et_pb_section fb_built=&#8221;1&#8243; _builder_version=&#8221;4.16&#8243; _module_preset=&#8221;default&#8221; custom_padding=&#8221;0px||||false|false&#8221; global_colors_info=&#8221;{}&#8221;][et_pb_row column_structure=&#8221;2_5,3_5&#8243; _builder_version=&#8221;4.16&#8243; _module_preset=&#8221;default&#8221; global_colors_info=&#8221;{}&#8221;][et_pb_column type=&#8221;2_5&#8243; _builder_version=&#8221;4.16&#8243; _module_preset=&#8221;default&#8221; global_colors_info=&#8221;{}&#8221;][et_pb_text _builder_version=&#8221;4.18.0&#8243; _module_preset=&#8221;default&#8221; header_2_font=&#8221;|300|||||||&#8221; header_2_font_size=&#8221;50px&#8221; header_2_line_height=&#8221;1.3em&#8221; global_colors_info=&#8221;{}&#8221;]<\/p>\n<h2>PROJECTS OF<br \/>\nFA\u00c7ADE REFURBISHMENT<\/h2>\n<p>[\/et_pb_text][et_pb_text _builder_version=&#8221;4.18.0&#8243; _module_preset=&#8221;default&#8221; header_2_font=&#8221;|300|||||||&#8221; header_2_font_size=&#8221;50px&#8221; header_3_font=&#8221;|300|||||||&#8221; header_3_font_size=&#8221;33px&#8221; header_3_line_height=&#8221;1.3em&#8221; header_3_font_size_tablet=&#8221;&#8221; header_3_font_size_phone=&#8221;25px&#8221; header_3_font_size_last_edited=&#8221;on|phone&#8221; locked=&#8221;off&#8221; global_colors_info=&#8221;{}&#8221; header_3_text_color__hover_enabled=&#8221;on|hover&#8221; header_3_text_color__hover=&#8221;#000000&#8243;]<\/p>\n<h3><a href=\"https:\/\/vellomonfortarquitectes.com\/en\/reform-projects\/home-renovation\/\">Home renovation<\/a><\/h3>\n<h3><a href=\"https:\/\/vellomonfortarquitectes.com\/en\/reform-projects\/refurbishment-of-premises\/\">Renovation of premises<\/a><\/h3>\n<h3><strong><a href=\"https:\/\/vellomonfortarquitectes.com\/en\/reform-projects\/facade-refurbishment\/\">Fa\u00e7ade renovation<\/a><\/strong><\/h3>\n<p>[\/et_pb_text][\/et_pb_column][et_pb_column type=&#8221;3_5&#8243; _builder_version=&#8221;4.16&#8243; _module_preset=&#8221;default&#8221; global_colors_info=&#8221;{}&#8221;][et_pb_text _builder_version=&#8221;4.18.0&#8243; _module_preset=&#8221;default&#8221; header_3_font=&#8221;|600|||||||&#8221; header_3_font_size=&#8221;29px&#8221; global_colors_info=&#8221;{}&#8221;]<\/p>\n<h1>Rehabilitation and Reforms of fa\u00e7ades<\/h1>\n<p>[\/et_pb_text][et_pb_text _builder_version=&#8221;4.18.0&#8243; _module_preset=&#8221;default&#8221; global_colors_info=&#8221;{}&#8221;]<\/p>\n<p style=\"text-align: justify;\">After the passing of the years and the lack of maintenance, fa\u00e7ade renovations become an important point as they deteriorate, causing cracks, fissures, damp, etc. Our technicians will advise you on the necessary actions to carry out in order to repair the existing damage and carry out comprehensive fa\u00e7ade renovations.<\/p>\n<h2 style=\"text-align: justify;\">Fa\u00e7ade reforms in Gand\u00eda and surroundings<\/h2>\n<p style=\"text-align: justify;\">In Vell\u00f3 Arquitectos, our <a href=\"https:\/\/vellomonfortarquitectes.com\/en\/\">architects studio in Gand\u00eda<\/a>, we work for fa\u00e7ade reforms, but also for the modernisation of the fa\u00e7ade creating something completely new. We also work on fa\u00e7ade refurbishment projects, restoring them to their original condition. Our team is qualified and has a long experience in fa\u00e7ade reforms in Gandia and surroundings, both in the province of Alicante and in the province of Valencia.<\/p>\n<p style=\"text-align: justify;\">Contact us for the rehabilitation of facades in residential buildings, as well as for the restoration of facades of historic buildings.<\/p>\n<p>[\/et_pb_text][\/et_pb_column][\/et_pb_row][et_pb_row _builder_version=&#8221;4.16&#8243; _module_preset=&#8221;default&#8221; global_colors_info=&#8221;{}&#8221;][et_pb_column type=&#8221;4_4&#8243; _builder_version=&#8221;4.16&#8243; _module_preset=&#8221;default&#8221; global_colors_info=&#8221;{}&#8221;][et_pb_portfolio fullwidth=&#8221;off&#8221; include_categories=&#8221;106&#8243; _builder_version=&#8221;4.16&#8243; _module_preset=&#8221;default&#8221; global_colors_info=&#8221;{}&#8221;][\/et_pb_portfolio][\/et_pb_column][\/et_pb_row][et_pb_row column_structure=&#8221;1_3,1_3,1_3&#8243; disabled_on=&#8221;on|on|on&#8221; _builder_version=&#8221;4.16&#8243; _module_preset=&#8221;default&#8221; max_width=&#8221;800px&#8221; disabled=&#8221;on&#8221; locked=&#8221;off&#8221; global_colors_info=&#8221;{}&#8221;][et_pb_column type=&#8221;1_3&#8243; _builder_version=&#8221;4.16&#8243; _module_preset=&#8221;default&#8221; link_option_url=&#8221;https:\/\/vellomonfortarquitectes.com\/en\/architecture-studio\/&#8221; global_colors_info=&#8221;{}&#8221;][et_pb_text _builder_version=&#8221;4.16&#8243; _module_preset=&#8221;default&#8221; global_colors_info=&#8221;{}&#8221;]<img loading=\"lazy\" decoding=\"async\" class=\"wp-image-8678 alignnone size-full\" style=\"display: block; margin-left: auto; margin-right: auto;\" src=\"https:\/\/vellomonfortarquitectes.com\/wp-content\/uploads\/2020\/11\/llapis_estudio.png\" alt=\"\" width=\"80\" height=\"124\"><br \/>\n[\/et_pb_text][et_pb_text _builder_version=&#8221;4.16&#8243; _module_preset=&#8221;default&#8221; global_colors_info=&#8221;{}&#8221;]<\/p>\n<p style=\"text-align: center;\">STUDIO<\/p>\n<p>[\/et_pb_text][\/et_pb_column][et_pb_column type=&#8221;1_3&#8243; _builder_version=&#8221;4.16&#8243; _module_preset=&#8221;default&#8221; link_option_url=&#8221;https:\/\/vellomonfortarquitectes.com\/en\/projects\/&#8221; global_colors_info=&#8221;{}&#8221;][et_pb_text _builder_version=&#8221;4.16&#8243; _module_preset=&#8221;default&#8221; global_colors_info=&#8221;{}&#8221;]<img loading=\"lazy\" decoding=\"async\" class=\"wp-image-8677 alignnone size-full\" style=\"display: block; margin-left: auto; margin-right: auto;\" src=\"https:\/\/vellomonfortarquitectes.com\/wp-content\/uploads\/2020\/11\/compas_proyectos.png\" alt=\"\" width=\"80\" height=\"80\"><br \/>\n[\/et_pb_text][et_pb_text _builder_version=&#8221;4.16&#8243; _module_preset=&#8221;default&#8221; global_colors_info=&#8221;{}&#8221;]<\/p>\n<p style=\"text-align: center;\">PROJECTS<\/p>\n<p>[\/et_pb_text][\/et_pb_column][et_pb_column type=&#8221;1_3&#8243; _builder_version=&#8221;4.16&#8243; _module_preset=&#8221;default&#8221; link_option_url=&#8221;https:\/\/vellomonfortarquitectes.com\/en\/contact\/&#8221; global_colors_info=&#8221;{}&#8221;][et_pb_text _builder_version=&#8221;4.16&#8243; _module_preset=&#8221;default&#8221; global_colors_info=&#8221;{}&#8221;]<img loading=\"lazy\" decoding=\"async\" class=\"wp-image-8815 alignnone size-full\" style=\"display: block; margin-left: auto; margin-right: auto;\" src=\"https:\/\/vellomonfortarquitectes.com\/wp-content\/uploads\/2020\/11\/contactosob1.png\" alt=\"\" width=\"80\" height=\"342\"><br \/>\n[\/et_pb_text][et_pb_text _builder_version=&#8221;4.16&#8243; _module_preset=&#8221;default&#8221; global_colors_info=&#8221;{}&#8221;]<\/p>\n<p style=\"text-align: center;\">CONTACT<\/p>\n<p>[\/et_pb_text][\/et_pb_column][\/et_pb_row][\/et_pb_section][et_pb_section fb_built=&#8221;1&#8243; _builder_version=&#8221;4.25.0&#8243; _module_preset=&#8221;default&#8221; background_color=&#8221;#6f6f6f&#8221; custom_margin=&#8221;0px||0px||true|false&#8221; custom_padding=&#8221;50px||50px||true|false&#8221; global_module=&#8221;8739&#8243; saved_tabs=&#8221;all&#8221; collapsed=&#8221;off&#8221; global_colors_info=&#8221;{}&#8221;][et_pb_row column_structure=&#8221;1_4,1_4,1_4,1_4&#8243; _builder_version=&#8221;4.18.0&#8243; _module_preset=&#8221;default&#8221; custom_padding=&#8221;10px||10px||true|false&#8221; global_colors_info=&#8221;{}&#8221;][et_pb_column type=&#8221;1_4&#8243; _builder_version=&#8221;4.18.0&#8243; _module_preset=&#8221;default&#8221; global_colors_info=&#8221;{}&#8221;][et_pb_text admin_label=&#8221;Texto&#8221; _builder_version=&#8221;4.18.0&#8243; _module_preset=&#8221;default&#8221; text_text_color=&#8221;#FFFFFF&#8221; text_font_size=&#8221;10px&#8221; link_text_color=&#8221;#FFFFFF&#8221; link_option_url_new_window=&#8221;on&#8221; global_colors_info=&#8221;{}&#8221;]<\/p>\n<h3><span style=\"color: #ffffff;\">Architects Gand\u00eda Vell\u00f3 Monfort<\/span><\/h3>\n<ul>\n<li style=\"font-size: 14px;\"><a href=\"https:\/\/vellomonfortarquitectes.com\/en\/\">Architects Gand\u00eda<\/a><\/li>\n<li style=\"font-size: 14px;\"><a href=\"https:\/\/vellomonfortarquitectes.com\/en\/architects-denia\/\">Architects Denia<\/a><\/li>\n<li style=\"font-size: 14px;\"><a href=\"https:\/\/vellomonfortarquitectes.com\/en\/architects-javea\/\">Architects J\u00e1vea<\/a><\/li>\n<li style=\"font-size: 14px;\"><a href=\"https:\/\/vellomonfortarquitectes.com\/en\/architects-moraira\/\" title=\"architects moraira\">Architects Moraira<\/a><\/li>\n<li style=\"font-size: 14px;\"><a href=\"https:\/\/vellomonfortarquitectes.com\/en\/architects-alicante\/architects-altea\/\">Architects Altea<\/a><\/li>\n<\/ul>\n<p>&nbsp;<\/p>\n<p>[\/et_pb_text][\/et_pb_column][et_pb_column type=&#8221;1_4&#8243; _builder_version=&#8221;4.16&#8243; _module_preset=&#8221;default&#8221; global_colors_info=&#8221;{}&#8221;][et_pb_text admin_label=&#8221;Texto&#8221; _builder_version=&#8221;4.18.0&#8243; _module_preset=&#8221;default&#8221; text_text_color=&#8221;#ffffff&#8221; text_font_size=&#8221;10px&#8221; text_orientation=&#8221;center&#8221; custom_margin=&#8221;||0px||false|false&#8221; global_colors_info=&#8221;{}&#8221;]<\/p>\n<h3 style=\"text-align: center;\"><span style=\"color: #ffffff;\">Architectural services<\/span><\/h3>\n<p style=\"text-align: center; font-size: 16px; line-height: 0.7;\"><span style=\"color: #ffffff;\"><a style=\"color: #ffffff;\" href=\"https:\/\/vellomonfortarquitectes.com\/en\/new-construction-projects\/\">New building projects<\/a><\/span><\/p>\n<p style=\"text-align: center; font-size: 16px; line-height: 0.7;\"><span style=\"color: #ffffff;\"><a style=\"color: #ffffff;\" href=\"https:\/\/vellomonfortarquitectes.com\/en\/reform-projects\/\">Reform projects<\/a><\/span><\/p>\n<p style=\"text-align: center; font-size: 16px; line-height: 0.7;\"><span style=\"color: #ffffff;\"><a style=\"color: #ffffff;\" href=\"https:\/\/vellomonfortarquitectes.com\/en\/interior-design\/\">Interior design<\/a><\/span><\/p>\n<p style=\"text-align: center; font-size: 16px; line-height: 0.7;\"><span style=\"color: #ffffff;\"><a style=\"color: #ffffff;\" href=\"https:\/\/vellomonfortarquitectes.com\/en\/structural-calculation\/\">Structural calculations<\/a><\/span><\/p>\n<p style=\"text-align: center; font-size: 16px; line-height: 0.7;\"><span style=\"color: #ffffff;\"><a style=\"color: #ffffff;\" href=\"https:\/\/vellomonfortarquitectes.com\/en\/other-service\/\">Other services<\/a><\/span><\/p>\n<p style=\"text-align: center;\">[\/et_pb_text][\/et_pb_column][et_pb_column type=&#8221;1_4&#8243; _builder_version=&#8221;4.16&#8243; _module_preset=&#8221;default&#8221; global_colors_info=&#8221;{}&#8221;][et_pb_text admin_label=&#8221;Texto&#8221; _builder_version=&#8221;4.18.0&#8243; _module_preset=&#8221;default&#8221; text_text_color=&#8221;#FFFFFF&#8221; text_font_size=&#8221;10px&#8221; link_text_color=&#8221;#FFFFFF&#8221; link_option_url_new_window=&#8221;on&#8221; global_colors_info=&#8221;{}&#8221;]<\/p>\n<h3><span style=\"color: #ffffff;\">Certificates of habitability<\/span><\/h3>\n<ul>\n<li style=\"font-size: 14px;\"><a href=\"https:\/\/vellomonfortarquitectes.com\/en\/certificates-of-habitability-for-second-occupancy-in-gandia\/\">Certificates of habitability in Gand\u00eda<\/a><\/li>\n<li style=\"font-size: 14px;\"><a href=\"https:\/\/vellomonfortarquitectes.com\/en\/certificates-of-habitability-for-second-occupancy-in-denia\/\">Certificates of habitability in Denia<\/a><\/li>\n<li style=\"font-size: 14px;\"><a href=\"https:\/\/vellomonfortarquitectes.com\/en\/certificates-of-habitability-for-second-occupancy-in-javea\/\">Certificates of habitability in J\u00e1vea<\/a><\/li>\n<li style=\"font-size: 14px;\"><a href=\"https:\/\/vellomonfortarquitectes.com\/en\/certificates-of-habitability-for-second-occupancy-in-teulada-moraira\/\">Certificates of habitability in Teulada-Moraira<\/a><\/li>\n<li style=\"font-size: 14px;\"><a href=\"https:\/\/vellomonfortarquitectes.com\/en\/certificates-of-habitability-for-second-occupancy-in-benissa\/\">Certificates of habitability in Benissa<\/a><\/li>\n<li style=\"font-size: 14px;\"><a href=\"https:\/\/vellomonfortarquitectes.com\/en\/certificates-of-habitability-for-second-occupancy-in-calp\/\">Certificates of habitability in Calp<\/a><\/li>\n<li style=\"font-size: 14px;\"><a href=\"https:\/\/vellomonfortarquitectes.com\/en\/certificates-of-habitability-for-second-occupancy-in-altea\/\">Certificates of habitability in Altea<\/a><\/li>\n<\/ul>\n<p>&nbsp;<\/p>\n<p>[\/et_pb_text][\/et_pb_column][et_pb_column type=&#8221;1_4&#8243; _builder_version=&#8221;4.16&#8243; _module_preset=&#8221;default&#8221; global_colors_info=&#8221;{}&#8221;][et_pb_text admin_label=&#8221;Texto&#8221; _builder_version=&#8221;4.18.0&#8243; _module_preset=&#8221;default&#8221; text_text_color=&#8221;#ffffff&#8221; link_text_color=&#8221;#FFFFFF&#8221; global_colors_info=&#8221;{}&#8221;]<\/p>\n<h3 style=\"text-align: center;\"><span style=\"color: #ffffff;\">Contact us<\/span><\/h3>\n<p style=\"text-align: center;\"><a href=\"mailto:info@vellomonfortarquitectes.com\">info@vellomonfortarquitectes.com<\/a><\/p>\n<p style=\"text-align: center;\"><a style=\"text-align: center; color: #fffff;\" href=\"tel:600397039\">600 39 70 39<\/a><\/p>\n<p style=\"text-align: center;\">Carrer Vallier, 2 4\u00baB 46702 Gand\u00eda &#8211; Valencia<\/p>\n<p>&nbsp;<\/p>\n<p>[\/et_pb_text][et_pb_code _builder_version=&#8221;4.16&#8243; _module_preset=&#8221;default&#8221; global_colors_info=&#8221;{}&#8221;]<span><a href=\"https:\/\/www.facebook.com\/Vello-Monfort-Arquitectes-576144702560859\"><i style=\"color:white;padding-right:10px;\" class=\"fab fa-facebook-f fa-2x\"><\/i><\/a> <a href=\"https:\/\/www.instagram.com\/vellomonfortarquitectes\/\"><i style=\"color:white;padding-right:10px;\" class=\"fab fa-instagram fa-2x\"><\/i><\/a> <a href=\"https:\/\/www.linkedin.com\/company\/vell%C3%B3monfortarquitectes\/\"><i style=\"color:white;padding-right:10px;\" class=\"fa-2x fab fa-linkedin-in\"><\/i><\/a><\/span>[\/et_pb_code][\/et_pb_column][\/et_pb_row][\/et_pb_section]<\/p>\n","protected":false},"excerpt":{"rendered":"<p>New construction Reforms Interior design Urbanisation Projects PROJECTS OF FA\u00c7ADE REFURBISHMENT Home renovation Renovation of premises Fa\u00e7ade renovation Rehabilitation and Reforms of fa\u00e7ades After the passing of the years and the lack of maintenance, fa\u00e7ade renovations become an important point as they deteriorate, causing cracks, fissures, damp, etc. Our technicians will advise you on the [&hellip;]<\/p>\n","protected":false},"author":2,"featured_media":0,"parent":12895,"menu_order":0,"comment_status":"closed","ping_status":"closed","template":"","meta":{"_et_pb_use_builder":"on","_et_pb_old_content":"","_et_gb_content_width":"","footnotes":""},"class_list":["post-13037","page","type-page","status-publish","hentry"],"yoast_head":"<!-- This site is optimized with the Yoast SEO plugin v27.4 - https:\/\/yoast.com\/product\/yoast-seo-wordpress\/ -->\n<title>Fa\u00e7ade Reforms in Gandia | Fa\u00e7ade Rehabilitation<\/title>\n<meta name=\"description\" content=\"Fa\u00e7ade reforms in Gand\u00eda \u2705 with specialised technical support. We are architects specialised in the rehabilitation of facades.\" \/>\n<meta name=\"robots\" content=\"index, follow, max-snippet:-1, max-image-preview:large, max-video-preview:-1\" \/>\n<link rel=\"canonical\" href=\"https:\/\/vellomonfortarquitectes.com\/en\/reform-projects\/facade-refurbishment\/\" \/>\n<meta property=\"og:locale\" content=\"en_US\" \/>\n<meta property=\"og:type\" content=\"article\" \/>\n<meta property=\"og:title\" content=\"Fa\u00e7ade Reforms in Gandia | Fa\u00e7ade Rehabilitation\" \/>\n<meta property=\"og:description\" content=\"Fa\u00e7ade reforms in Gand\u00eda \u2705 with specialised technical support. We are architects specialised in the rehabilitation of facades.\" \/>\n<meta property=\"og:url\" content=\"https:\/\/vellomonfortarquitectes.com\/en\/reform-projects\/facade-refurbishment\/\" \/>\n<meta property=\"og:site_name\" content=\"Vello Arquitectura\" \/>\n<meta property=\"article:modified_time\" content=\"2024-11-25T08:38:51+00:00\" \/>\n<meta property=\"og:image\" content=\"https:\/\/vellomonfortarquitectes.com\/wp-content\/uploads\/2020\/11\/llapis_estudio.png\" \/>\n<meta name=\"twitter:card\" content=\"summary_large_image\" \/>\n<meta name=\"twitter:label1\" content=\"Est. reading time\" \/>\n\t<meta name=\"twitter:data1\" content=\"6 minutes\" \/>\n<script type=\"application\/ld+json\" class=\"yoast-schema-graph\">{\"@context\":\"https:\\\/\\\/schema.org\",\"@graph\":[{\"@type\":\"WebPage\",\"@id\":\"https:\\\/\\\/vellomonfortarquitectes.com\\\/en\\\/reform-projects\\\/facade-refurbishment\\\/\",\"url\":\"https:\\\/\\\/vellomonfortarquitectes.com\\\/en\\\/reform-projects\\\/facade-refurbishment\\\/\",\"name\":\"Fa\u00e7ade Reforms in Gandia | Fa\u00e7ade Rehabilitation\",\"isPartOf\":{\"@id\":\"https:\\\/\\\/vellomonfortarquitectes.com\\\/en\\\/#website\"},\"primaryImageOfPage\":{\"@id\":\"https:\\\/\\\/vellomonfortarquitectes.com\\\/en\\\/reform-projects\\\/facade-refurbishment\\\/#primaryimage\"},\"image\":{\"@id\":\"https:\\\/\\\/vellomonfortarquitectes.com\\\/en\\\/reform-projects\\\/facade-refurbishment\\\/#primaryimage\"},\"thumbnailUrl\":\"https:\\\/\\\/vellomonfortarquitectes.com\\\/wp-content\\\/uploads\\\/2020\\\/11\\\/llapis_estudio.png\",\"datePublished\":\"2020-11-24T07:25:09+00:00\",\"dateModified\":\"2024-11-25T08:38:51+00:00\",\"description\":\"Fa\u00e7ade reforms in Gand\u00eda \u2705 with specialised technical support. We are architects specialised in the rehabilitation of facades.\",\"breadcrumb\":{\"@id\":\"https:\\\/\\\/vellomonfortarquitectes.com\\\/en\\\/reform-projects\\\/facade-refurbishment\\\/#breadcrumb\"},\"inLanguage\":\"en-US\",\"potentialAction\":[{\"@type\":\"ReadAction\",\"target\":[\"https:\\\/\\\/vellomonfortarquitectes.com\\\/en\\\/reform-projects\\\/facade-refurbishment\\\/\"]}]},{\"@type\":\"ImageObject\",\"inLanguage\":\"en-US\",\"@id\":\"https:\\\/\\\/vellomonfortarquitectes.com\\\/en\\\/reform-projects\\\/facade-refurbishment\\\/#primaryimage\",\"url\":\"https:\\\/\\\/vellomonfortarquitectes.com\\\/wp-content\\\/uploads\\\/2020\\\/11\\\/llapis_estudio.png\",\"contentUrl\":\"https:\\\/\\\/vellomonfortarquitectes.com\\\/wp-content\\\/uploads\\\/2020\\\/11\\\/llapis_estudio.png\"},{\"@type\":\"BreadcrumbList\",\"@id\":\"https:\\\/\\\/vellomonfortarquitectes.com\\\/en\\\/reform-projects\\\/facade-refurbishment\\\/#breadcrumb\",\"itemListElement\":[{\"@type\":\"ListItem\",\"position\":1,\"name\":\"Portada\",\"item\":\"https:\\\/\\\/vellomonfortarquitectes.com\\\/en\\\/\"},{\"@type\":\"ListItem\",\"position\":2,\"name\":\"Reform Projects\",\"item\":\"https:\\\/\\\/vellomonfortarquitectes.com\\\/en\\\/reform-projects\\\/\"},{\"@type\":\"ListItem\",\"position\":3,\"name\":\"Fa\u00e7ade refurbishment\"}]},{\"@type\":\"WebSite\",\"@id\":\"https:\\\/\\\/vellomonfortarquitectes.com\\\/en\\\/#website\",\"url\":\"https:\\\/\\\/vellomonfortarquitectes.com\\\/en\\\/\",\"name\":\"Vello Arquitectura\",\"description\":\"\",\"potentialAction\":[{\"@type\":\"SearchAction\",\"target\":{\"@type\":\"EntryPoint\",\"urlTemplate\":\"https:\\\/\\\/vellomonfortarquitectes.com\\\/en\\\/?s={search_term_string}\"},\"query-input\":{\"@type\":\"PropertyValueSpecification\",\"valueRequired\":true,\"valueName\":\"search_term_string\"}}],\"inLanguage\":\"en-US\"}]}<\/script>\n<!-- \/ Yoast SEO plugin. -->","yoast_head_json":{"title":"Fa\u00e7ade Reforms in Gandia | Fa\u00e7ade Rehabilitation","description":"Fa\u00e7ade reforms in Gand\u00eda \u2705 with specialised technical support. We are architects specialised in the rehabilitation of facades.","robots":{"index":"index","follow":"follow","max-snippet":"max-snippet:-1","max-image-preview":"max-image-preview:large","max-video-preview":"max-video-preview:-1"},"canonical":"https:\/\/vellomonfortarquitectes.com\/en\/reform-projects\/facade-refurbishment\/","og_locale":"en_US","og_type":"article","og_title":"Fa\u00e7ade Reforms in Gandia | Fa\u00e7ade Rehabilitation","og_description":"Fa\u00e7ade reforms in Gand\u00eda \u2705 with specialised technical support. We are architects specialised in the rehabilitation of facades.","og_url":"https:\/\/vellomonfortarquitectes.com\/en\/reform-projects\/facade-refurbishment\/","og_site_name":"Vello Arquitectura","article_modified_time":"2024-11-25T08:38:51+00:00","og_image":[{"url":"https:\/\/vellomonfortarquitectes.com\/wp-content\/uploads\/2020\/11\/llapis_estudio.png","type":"","width":"","height":""}],"twitter_card":"summary_large_image","twitter_misc":{"Est. reading time":"6 minutes"},"schema":{"@context":"https:\/\/schema.org","@graph":[{"@type":"WebPage","@id":"https:\/\/vellomonfortarquitectes.com\/en\/reform-projects\/facade-refurbishment\/","url":"https:\/\/vellomonfortarquitectes.com\/en\/reform-projects\/facade-refurbishment\/","name":"Fa\u00e7ade Reforms in Gandia | Fa\u00e7ade Rehabilitation","isPartOf":{"@id":"https:\/\/vellomonfortarquitectes.com\/en\/#website"},"primaryImageOfPage":{"@id":"https:\/\/vellomonfortarquitectes.com\/en\/reform-projects\/facade-refurbishment\/#primaryimage"},"image":{"@id":"https:\/\/vellomonfortarquitectes.com\/en\/reform-projects\/facade-refurbishment\/#primaryimage"},"thumbnailUrl":"https:\/\/vellomonfortarquitectes.com\/wp-content\/uploads\/2020\/11\/llapis_estudio.png","datePublished":"2020-11-24T07:25:09+00:00","dateModified":"2024-11-25T08:38:51+00:00","description":"Fa\u00e7ade reforms in Gand\u00eda \u2705 with specialised technical support. We are architects specialised in the rehabilitation of facades.","breadcrumb":{"@id":"https:\/\/vellomonfortarquitectes.com\/en\/reform-projects\/facade-refurbishment\/#breadcrumb"},"inLanguage":"en-US","potentialAction":[{"@type":"ReadAction","target":["https:\/\/vellomonfortarquitectes.com\/en\/reform-projects\/facade-refurbishment\/"]}]},{"@type":"ImageObject","inLanguage":"en-US","@id":"https:\/\/vellomonfortarquitectes.com\/en\/reform-projects\/facade-refurbishment\/#primaryimage","url":"https:\/\/vellomonfortarquitectes.com\/wp-content\/uploads\/2020\/11\/llapis_estudio.png","contentUrl":"https:\/\/vellomonfortarquitectes.com\/wp-content\/uploads\/2020\/11\/llapis_estudio.png"},{"@type":"BreadcrumbList","@id":"https:\/\/vellomonfortarquitectes.com\/en\/reform-projects\/facade-refurbishment\/#breadcrumb","itemListElement":[{"@type":"ListItem","position":1,"name":"Portada","item":"https:\/\/vellomonfortarquitectes.com\/en\/"},{"@type":"ListItem","position":2,"name":"Reform Projects","item":"https:\/\/vellomonfortarquitectes.com\/en\/reform-projects\/"},{"@type":"ListItem","position":3,"name":"Fa\u00e7ade refurbishment"}]},{"@type":"WebSite","@id":"https:\/\/vellomonfortarquitectes.com\/en\/#website","url":"https:\/\/vellomonfortarquitectes.com\/en\/","name":"Vello Arquitectura","description":"","potentialAction":[{"@type":"SearchAction","target":{"@type":"EntryPoint","urlTemplate":"https:\/\/vellomonfortarquitectes.com\/en\/?s={search_term_string}"},"query-input":{"@type":"PropertyValueSpecification","valueRequired":true,"valueName":"search_term_string"}}],"inLanguage":"en-US"}]}},"_links":{"self":[{"href":"https:\/\/vellomonfortarquitectes.com\/en\/wp-json\/wp\/v2\/pages\/13037","targetHints":{"allow":["GET"]}}],"collection":[{"href":"https:\/\/vellomonfortarquitectes.com\/en\/wp-json\/wp\/v2\/pages"}],"about":[{"href":"https:\/\/vellomonfortarquitectes.com\/en\/wp-json\/wp\/v2\/types\/page"}],"author":[{"embeddable":true,"href":"https:\/\/vellomonfortarquitectes.com\/en\/wp-json\/wp\/v2\/users\/2"}],"replies":[{"embeddable":true,"href":"https:\/\/vellomonfortarquitectes.com\/en\/wp-json\/wp\/v2\/comments?post=13037"}],"version-history":[{"count":8,"href":"https:\/\/vellomonfortarquitectes.com\/en\/wp-json\/wp\/v2\/pages\/13037\/revisions"}],"predecessor-version":[{"id":13818,"href":"https:\/\/vellomonfortarquitectes.com\/en\/wp-json\/wp\/v2\/pages\/13037\/revisions\/13818"}],"up":[{"embeddable":true,"href":"https:\/\/vellomonfortarquitectes.com\/en\/wp-json\/wp\/v2\/pages\/12895"}],"wp:attachment":[{"href":"https:\/\/vellomonfortarquitectes.com\/en\/wp-json\/wp\/v2\/media?parent=13037"}],"curies":[{"name":"wp","href":"https:\/\/api.w.org\/{rel}","templated":true}]}}