{"id":14314,"date":"2021-07-28T11:08:20","date_gmt":"2021-07-28T11:08:20","guid":{"rendered":"https:\/\/vellomonfortarquitectes.com\/architecturale-ruimtes-javea\/"},"modified":"2025-03-26T12:47:55","modified_gmt":"2025-03-26T12:47:55","slug":"architecturale-ruimtes-javea","status":"publish","type":"page","link":"https:\/\/vellomonfortarquitectes.com\/nl\/architecturale-ruimtes-javea\/","title":{"rendered":"Architecturale ruimtes J\u00e1vea"},"content":{"rendered":"<p>[et_pb_section fb_built=&#8221;1&#8243; admin_label=&#8221;section&#8221; _builder_version=&#8221;3.22&#8243;][et_pb_row admin_label=&#8221;row&#8221; _builder_version=&#8221;3.25&#8243; background_size=&#8221;initial&#8221; background_position=&#8221;top_left&#8221; background_repeat=&#8221;repeat&#8221;][et_pb_column type=&#8221;4_4&#8243; _builder_version=&#8221;3.25&#8243; custom_padding=&#8221;|||&#8221; custom_padding__hover=&#8221;|||&#8221;][et_pb_image src=&#8221;https:\/\/vellomonfortarquitectes.com\/wp-content\/uploads\/2021\/07\/arquitectura-javea.jpg&#8221; alt=&#8221;Architectuur J\u00e1vea&#8221; title_text=&#8221;Architectuur J\u00e1vea&#8221; align=&#8221;center&#8221; _builder_version=&#8221;4.8.1&#8243; _module_preset=&#8221;default&#8221;][\/et_pb_image][\/et_pb_column][\/et_pb_row][et_pb_row _builder_version=&#8221;4.8.1&#8243; _module_preset=&#8221;default&#8221;][et_pb_column type=&#8221;4_4&#8243; _builder_version=&#8221;4.8.1&#8243; _module_preset=&#8221;default&#8221;][et_pb_text _builder_version=&#8221;4.8.1&#8243; _module_preset=&#8221;default&#8221;]<\/p>\n<h1 style=\"text-align: center;\">Architecturale ruimtes in J\u00e1vea<\/h1>\n<p>&nbsp;<\/p>\n<p>J\u00e1vea is een stad aan de Costa Blanca van Alicante die verschillende invloeden heeft ondergaan van verschillende beschavingen. Daarom kunnen we het werk van <a href=\"https:\/\/vellomonfortarquitectes.com\/nl\/architecten-javea\/\">architecten in J\u00e1vea<\/a> gedurende al die jaren van zijn geschiedenis observeren als we door de straten lopen. De architectonische rijkdom die dit heeft achtergelaten is impliciet in veel hoeken van deze Villa terug te vinden. Om deze reden willen we graag enkele van de meest opmerkelijke architecturale ruimtes in J\u00e1vea bespreken, die we je hieronder laten zien.  <\/p>\n<p>&nbsp;<\/p>\n<h2><strong>Markt van J\u00e1vea<\/strong><\/h2>\n<p>&nbsp;<\/p>\n<p>De Mercat Municipal de J\u00e1vea, die al maar liefst 75 jaar open is voor het publiek, is architectonisch zeer rijk. Het is een gebouw in Levantijnse gotische stijl dat kort na het einde van de Burgeroorlog in 1943 werd gebouwd op het terrein van een voormalig klooster uit de 17e eeuw. Het bouwwerk zelf is vanaf de bouw tot op de dag van vandaag erg veranderd. Veel van de kraampjes en handelaren van de gemeente zijn vandaag de dag niet meer te vinden, maar ook het dak van deze gemeentemarkt van J\u00e1vea was in het begin gemaakt van riet, tegenwoordig is het dak gemaakt van tosca bogen, een typische steen van de kaap van San Antonio. De vloer, die vroeger van cement was, is ook niet meer in dezelfde staat, maar is verbeterd en bijgewerkt.    <\/p>\n<p>&nbsp;<\/p>\n<h2><strong>Kerk van San Bartolom\u00e9 in J\u00e1vea<\/strong><\/h2>\n<p>&nbsp;<\/p>\n<p>De kerk van San Bartolom\u00e9 ligt midden in het historische centrum van J\u00e1vea\/X\u00e1bia, op het kerkplein zelf. Tijdens de geschiedenis van dit historische monument heeft de huidige kerk ook dienst gedaan als fort. Deze kerk van San Bartolom\u00e9 in J\u00e1vea is ongetwijfeld het belangrijkste gebouw in het historische centrum van de stad.  <\/p>\n<p>Architectonisch hebben we te maken met een gebouw in Elizabethaanse gotische stijl, met een prachtig gotisch schip met drie kapellen aan elke kant. Deze kapellen aan elke kant worden omlijst door de steunberen. In dit Nationaal Historisch-Artistiek Monument sinds 1931 en beschouwd als een Bezitting van Cultureel Belang (BIC), heeft het 2 ingangen.  <\/p>\n<p>De hoofdingang is in middeleeuwse stijl met een spitsboog, puntgevel en pinakels, en is gewijd aan San Bartolom\u00e9. Daarna vinden we de zijdeur gewijd aan San Gil. <\/p>\n<p>&nbsp;<\/p>\n<h2><strong>Historisch centrum van J\u00e1vea<\/strong><\/h2>\n<p>&nbsp;<\/p>\n<p>De historische wijk van J\u00e1vea bestaat uit verschillende straten en emblematische en historische plaatsen van deze stad in Alicante. Vanaf het Plaza de la Iglesia en met uitzicht op de eerder genoemde kerk van San Bartolom\u00e9 kun je langs de verdedigingsmuren lopen. <\/p>\n<p>Het huidige historische centrum van J\u00e1vea is ontstaan toen de inwoners die dichter bij de kust woonden, besloten hun huizen te verlaten en 2 km landinwaarts te trekken om de voortdurende aanvallen van piraten en zeerovers te vermijden. Eenmaal gevestigd op hun nieuwe locatie bouwden ze de muren, die hun grootste bescherming vormden. <\/p>\n<p>[\/et_pb_text][\/et_pb_column][\/et_pb_row][\/et_pb_section]<\/p>\n","protected":false},"excerpt":{"rendered":"<p>Architecturale ruimtes in J\u00e1vea &nbsp; J\u00e1vea is een stad aan de Costa Blanca van Alicante die verschillende invloeden heeft ondergaan van verschillende beschavingen. Daarom kunnen we het werk van architecten in J\u00e1vea gedurende al die jaren van zijn geschiedenis observeren als we door de straten lopen. De architectonische rijkdom die dit heeft achtergelaten is impliciet [&hellip;]<\/p>\n","protected":false},"author":5,"featured_media":0,"parent":0,"menu_order":0,"comment_status":"closed","ping_status":"closed","template":"","meta":{"_et_pb_use_builder":"on","_et_pb_old_content":"","_et_gb_content_width":"","footnotes":""},"class_list":["post-14314","page","type-page","status-publish","hentry"],"yoast_head":"<!-- This site is optimized with the Yoast SEO plugin v27.4 - https:\/\/yoast.com\/product\/yoast-seo-wordpress\/ -->\n<title>Architecturale ruimtes J\u00e1vea &#8226; Vello Arquitectura<\/title>\n<meta name=\"description\" content=\"Ontdek de architectonische ruimtes die J\u00e1vea te bieden heeft. De gemeentelijke markt van J\u00e1vea, de kerk van San Bartolom\u00e9 en de oude binnenstad van J\u00e1vea.\" \/>\n<meta name=\"robots\" content=\"index, follow, max-snippet:-1, max-image-preview:large, max-video-preview:-1\" \/>\n<link rel=\"canonical\" href=\"https:\/\/vellomonfortarquitectes.com\/nl\/architecturale-ruimtes-javea\/\" \/>\n<meta property=\"og:locale\" content=\"nl_NL\" \/>\n<meta property=\"og:type\" content=\"article\" \/>\n<meta property=\"og:title\" content=\"Architecturale ruimtes J\u00e1vea &#8226; Vello Arquitectura\" \/>\n<meta property=\"og:description\" content=\"Ontdek de architectonische ruimtes die J\u00e1vea te bieden heeft. De gemeentelijke markt van J\u00e1vea, de kerk van San Bartolom\u00e9 en de oude binnenstad van J\u00e1vea.\" \/>\n<meta property=\"og:url\" content=\"https:\/\/vellomonfortarquitectes.com\/nl\/architecturale-ruimtes-javea\/\" \/>\n<meta property=\"og:site_name\" content=\"Vello Arquitectura\" \/>\n<meta property=\"article:modified_time\" content=\"2025-03-26T12:47:55+00:00\" \/>\n<meta name=\"twitter:card\" content=\"summary_large_image\" \/>\n<meta name=\"twitter:label1\" content=\"Geschatte leestijd\" \/>\n\t<meta name=\"twitter:data1\" content=\"3 minuten\" \/>\n<script type=\"application\/ld+json\" class=\"yoast-schema-graph\">{\"@context\":\"https:\\\/\\\/schema.org\",\"@graph\":[{\"@type\":\"WebPage\",\"@id\":\"https:\\\/\\\/vellomonfortarquitectes.com\\\/nl\\\/architecturale-ruimtes-javea\\\/\",\"url\":\"https:\\\/\\\/vellomonfortarquitectes.com\\\/nl\\\/architecturale-ruimtes-javea\\\/\",\"name\":\"Architecturale ruimtes J\u00e1vea &#8226; Vello Arquitectura\",\"isPartOf\":{\"@id\":\"https:\\\/\\\/vellomonfortarquitectes.com\\\/nl\\\/#website\"},\"datePublished\":\"2021-07-28T11:08:20+00:00\",\"dateModified\":\"2025-03-26T12:47:55+00:00\",\"description\":\"Ontdek de architectonische ruimtes die J\u00e1vea te bieden heeft. De gemeentelijke markt van J\u00e1vea, de kerk van San Bartolom\u00e9 en de oude binnenstad van J\u00e1vea.\",\"breadcrumb\":{\"@id\":\"https:\\\/\\\/vellomonfortarquitectes.com\\\/nl\\\/architecturale-ruimtes-javea\\\/#breadcrumb\"},\"inLanguage\":\"nl-NL\",\"potentialAction\":[{\"@type\":\"ReadAction\",\"target\":[\"https:\\\/\\\/vellomonfortarquitectes.com\\\/nl\\\/architecturale-ruimtes-javea\\\/\"]}]},{\"@type\":\"BreadcrumbList\",\"@id\":\"https:\\\/\\\/vellomonfortarquitectes.com\\\/nl\\\/architecturale-ruimtes-javea\\\/#breadcrumb\",\"itemListElement\":[{\"@type\":\"ListItem\",\"position\":1,\"name\":\"Portada\",\"item\":\"https:\\\/\\\/vellomonfortarquitectes.com\\\/nl\\\/\"},{\"@type\":\"ListItem\",\"position\":2,\"name\":\"Architecturale ruimtes J\u00e1vea\"}]},{\"@type\":\"WebSite\",\"@id\":\"https:\\\/\\\/vellomonfortarquitectes.com\\\/nl\\\/#website\",\"url\":\"https:\\\/\\\/vellomonfortarquitectes.com\\\/nl\\\/\",\"name\":\"Vello Arquitectura\",\"description\":\"\",\"potentialAction\":[{\"@type\":\"SearchAction\",\"target\":{\"@type\":\"EntryPoint\",\"urlTemplate\":\"https:\\\/\\\/vellomonfortarquitectes.com\\\/nl\\\/?s={search_term_string}\"},\"query-input\":{\"@type\":\"PropertyValueSpecification\",\"valueRequired\":true,\"valueName\":\"search_term_string\"}}],\"inLanguage\":\"nl-NL\"}]}<\/script>\n<!-- \/ Yoast SEO plugin. -->","yoast_head_json":{"title":"Architecturale ruimtes J\u00e1vea &#8226; Vello Arquitectura","description":"Ontdek de architectonische ruimtes die J\u00e1vea te bieden heeft. De gemeentelijke markt van J\u00e1vea, de kerk van San Bartolom\u00e9 en de oude binnenstad van J\u00e1vea.","robots":{"index":"index","follow":"follow","max-snippet":"max-snippet:-1","max-image-preview":"max-image-preview:large","max-video-preview":"max-video-preview:-1"},"canonical":"https:\/\/vellomonfortarquitectes.com\/nl\/architecturale-ruimtes-javea\/","og_locale":"nl_NL","og_type":"article","og_title":"Architecturale ruimtes J\u00e1vea &#8226; Vello Arquitectura","og_description":"Ontdek de architectonische ruimtes die J\u00e1vea te bieden heeft. De gemeentelijke markt van J\u00e1vea, de kerk van San Bartolom\u00e9 en de oude binnenstad van J\u00e1vea.","og_url":"https:\/\/vellomonfortarquitectes.com\/nl\/architecturale-ruimtes-javea\/","og_site_name":"Vello Arquitectura","article_modified_time":"2025-03-26T12:47:55+00:00","twitter_card":"summary_large_image","twitter_misc":{"Geschatte leestijd":"3 minuten"},"schema":{"@context":"https:\/\/schema.org","@graph":[{"@type":"WebPage","@id":"https:\/\/vellomonfortarquitectes.com\/nl\/architecturale-ruimtes-javea\/","url":"https:\/\/vellomonfortarquitectes.com\/nl\/architecturale-ruimtes-javea\/","name":"Architecturale ruimtes J\u00e1vea &#8226; Vello Arquitectura","isPartOf":{"@id":"https:\/\/vellomonfortarquitectes.com\/nl\/#website"},"datePublished":"2021-07-28T11:08:20+00:00","dateModified":"2025-03-26T12:47:55+00:00","description":"Ontdek de architectonische ruimtes die J\u00e1vea te bieden heeft. De gemeentelijke markt van J\u00e1vea, de kerk van San Bartolom\u00e9 en de oude binnenstad van J\u00e1vea.","breadcrumb":{"@id":"https:\/\/vellomonfortarquitectes.com\/nl\/architecturale-ruimtes-javea\/#breadcrumb"},"inLanguage":"nl-NL","potentialAction":[{"@type":"ReadAction","target":["https:\/\/vellomonfortarquitectes.com\/nl\/architecturale-ruimtes-javea\/"]}]},{"@type":"BreadcrumbList","@id":"https:\/\/vellomonfortarquitectes.com\/nl\/architecturale-ruimtes-javea\/#breadcrumb","itemListElement":[{"@type":"ListItem","position":1,"name":"Portada","item":"https:\/\/vellomonfortarquitectes.com\/nl\/"},{"@type":"ListItem","position":2,"name":"Architecturale ruimtes J\u00e1vea"}]},{"@type":"WebSite","@id":"https:\/\/vellomonfortarquitectes.com\/nl\/#website","url":"https:\/\/vellomonfortarquitectes.com\/nl\/","name":"Vello Arquitectura","description":"","potentialAction":[{"@type":"SearchAction","target":{"@type":"EntryPoint","urlTemplate":"https:\/\/vellomonfortarquitectes.com\/nl\/?s={search_term_string}"},"query-input":{"@type":"PropertyValueSpecification","valueRequired":true,"valueName":"search_term_string"}}],"inLanguage":"nl-NL"}]}},"_links":{"self":[{"href":"https:\/\/vellomonfortarquitectes.com\/nl\/wp-json\/wp\/v2\/pages\/14314","targetHints":{"allow":["GET"]}}],"collection":[{"href":"https:\/\/vellomonfortarquitectes.com\/nl\/wp-json\/wp\/v2\/pages"}],"about":[{"href":"https:\/\/vellomonfortarquitectes.com\/nl\/wp-json\/wp\/v2\/types\/page"}],"author":[{"embeddable":true,"href":"https:\/\/vellomonfortarquitectes.com\/nl\/wp-json\/wp\/v2\/users\/5"}],"replies":[{"embeddable":true,"href":"https:\/\/vellomonfortarquitectes.com\/nl\/wp-json\/wp\/v2\/comments?post=14314"}],"version-history":[{"count":2,"href":"https:\/\/vellomonfortarquitectes.com\/nl\/wp-json\/wp\/v2\/pages\/14314\/revisions"}],"predecessor-version":[{"id":14317,"href":"https:\/\/vellomonfortarquitectes.com\/nl\/wp-json\/wp\/v2\/pages\/14314\/revisions\/14317"}],"wp:attachment":[{"href":"https:\/\/vellomonfortarquitectes.com\/nl\/wp-json\/wp\/v2\/media?parent=14314"}],"curies":[{"name":"wp","href":"https:\/\/api.w.org\/{rel}","templated":true}]}}